{"id":17,"date":"2013-02-26T20:32:40","date_gmt":"2013-02-26T20:32:40","guid":{"rendered":"http:\/\/faculty.engineering.ucdavis.edu\/template\/?page_id=17"},"modified":"2014-08-26T16:01:21","modified_gmt":"2014-08-26T16:01:21","slug":"publications","status":"publish","type":"page","link":"https:\/\/faculty.engineering.ucdavis.edu\/chenizu\/publications\/","title":{"rendered":"Publications"},"content":{"rendered":"<p>Chen-Izu, Ye, Ling Chen, Tam\u00e1s B\u00e1ny\u00e1sz, Stacey L. McCulle, Byron Norton, Steven M. Scharf, Anuj Agarwal, Abhijit Patwardham, Leighton T. Izu, C. William Balke.\u00a0 Hypertension-induced remodeling of cardiac excitation-contraction coupling in ventricular myocytes occurs prior to hypertrophy development.\u00a0<em>Am J Physiol.<\/em>\u00a0293:H3301-3310 (2007)<br \/>\n<a href=\"http:\/\/ajpheart.physiology.org\/cgi\/reprint\/293\/6\/H3301\">http:\/\/ajpheart.physiology.org\/cgi\/reprint\/293\/6\/H3301<\/a><\/p>\n<p>Banyasz, T, Chen-Izu, Y, Balke CW, Izu Leighton. \u00a0A New Approach to the Detection and Classification of Ca2+ Sparks.<em>\u00a0Biophysical Journal<\/em>92:4458-4465 (2007)\u00a0 [Banyasz and Chen-Izu contributed\u00a0 equally.]<br \/>\n<a href=\"http:\/\/www.biophysj.org\/cgi\/content\/full\/92\/12\/4458\">http:\/\/www.biophysj.org\/cgi\/content\/full\/92\/12\/4458<\/a><\/p>\n<p>Izu, LT, Banyasz T, Balke CW and Ye Chen-Izu.\u00a0 Eavesdropping on the Social Lives of Ca2+ Sparks.\u00a0<em>Biophysical J<\/em>\u00a093:3408-3420 (2007)<br \/>\n<a href=\"http:\/\/www.biophysj.org\/cgi\/content\/full\/93\/10\/3408\">http:\/\/www.biophysj.org\/cgi\/content\/full\/93\/10\/3408<\/a><\/p>\n<p>Chen-Izu, Ye, Chris W. Ward, Wayne Stark Jr., Tamas Banyasz, Marius P. Sumandea, C. William Balke, Leighton T. Izu.\u00a0 Xander H.T. Wehrens.\u00a0 Phosphorylation of RyR2 and shortening of RyR2 cluster spacing in spontaneously hypertensive rat with heart failure.\u00a0<em>Am J Physiol\u00a0<\/em>.\u00a0 293(4):H2409-17 (2007)<br \/>\n<a href=\"http:\/\/ajpheart.physiology.org\/cgi\/content\/abstract\/293\/4\/H2409\">http:\/\/ajpheart.physiology.org\/cgi\/content\/abstract\/293\/4\/H2409<\/a><\/p>\n<p>Chen-Izu, Ye, Stacey L. McCulle, Chris W. Ward, Christian Soeller, Bryan M Allen, Cal Rabang, Mark B Cannell, C William Balke, Leighton T. Izu*.\u00a0 Three-dimensional Distribution of Ryanodine Receptor Clusters in Cardiac Myocytes.\u00a0\u00a0<em>Biophysical Journal<\/em>\u00a091<strong>:<\/strong>1-13 (2006)\u00a0<a href=\"http:\/\/www.biophysj.org\/cgi\/content\/full\/91\/1\/1\">http:\/\/www.biophysj.org\/cgi\/content\/full\/91\/1\/1<\/a><\/p>\n<p>Chen-Izu Y, Moreno AP, Spangler RA.\u00a0 Opposing gates model for voltage gating of gap junction channels<em>.\u00a0 American Journal of Physiology<\/em>281:C1604-C1613 (2001).\u00a0<a href=\"http:\/\/ajpcell.physiology.org\/cgi\/content\/full\/281\/5\/C1604\">http:\/\/ajpcell.physiology.org\/cgi\/content\/full\/281\/5\/C1604<\/a><\/p>\n<p>Chen-Izu Y, Xiao R-P, Izu LT, Cheng H, Kuschul M, Spurgeon H, and Lakatta EG.\u00a0 Gi-dependent localization of b2-adrenergic receptor signaling to L-type Ca2+ channels.<em>Biophysical Journal<\/em>\u00a079:2547-2556 (2000).<br \/>\n<a href=\"http:\/\/www.biophysj.org\/cgi\/content\/abstract\/79\/5\/2547\">http:\/\/www.biophysj.org\/cgi\/content\/abstract\/79\/5\/2547<\/a><\/p>\n<p>Chen Y, Simasko SM, Niggel J, Sigurdson WJ, and Sachs F*.\u00a0 Ca2+ uptake in GH3 cells during hypotonic swelling: the sensory role of stretch-activated channels.\u00a0<em>American Journal of Physiology<\/em>\u00a0270:C1790-C1798 (1996).<br \/>\n<a href=\"http:\/\/ajpcell.physiology.org\/cgi\/content\/abstract\/270\/6\/C1790\">http:\/\/ajpcell.physiology.org\/cgi\/content\/abstract\/270\/6\/C1790<\/a><\/p>\n<p>&nbsp;<\/p>\n","protected":false},"excerpt":{"rendered":"<p>Chen-Izu, Ye, Ling Chen, Tam\u00e1s B\u00e1ny\u00e1sz, Stacey L. McCulle, Byron Norton, Steven M. Scharf, Anuj Agarwal, Abhijit Patwardham, Leighton T. Izu, C. William Balke.\u00a0 Hypertension-induced remodeling of cardiac excitation-contraction coupling in ventricular myocytes occurs prior to hypertrophy development.\u00a0Am J Physiol.\u00a0293:H3301-3310 (2007) http:\/\/ajpheart.physiology.org\/cgi\/reprint\/293\/6\/H3301 Banyasz, T, Chen-Izu, Y, Balke CW, Izu Leighton. \u2026 <a class=\"continue-reading-link\" href=\"https:\/\/faculty.engineering.ucdavis.edu\/chenizu\/publications\/\"> Continue reading <span class=\"meta-nav\">&rarr; <\/span><\/a><\/p>\n","protected":false},"author":3,"featured_media":0,"parent":0,"menu_order":0,"comment_status":"closed","ping_status":"open","template":"template-twocolumns-left.php","meta":{"inline_featured_image":false,"ngg_post_thumbnail":0,"footnotes":""},"class_list":["post-17","page","type-page","status-publish","hentry"],"_links":{"self":[{"href":"https:\/\/faculty.engineering.ucdavis.edu\/chenizu\/wp-json\/wp\/v2\/pages\/17","targetHints":{"allow":["GET"]}}],"collection":[{"href":"https:\/\/faculty.engineering.ucdavis.edu\/chenizu\/wp-json\/wp\/v2\/pages"}],"about":[{"href":"https:\/\/faculty.engineering.ucdavis.edu\/chenizu\/wp-json\/wp\/v2\/types\/page"}],"author":[{"embeddable":true,"href":"https:\/\/faculty.engineering.ucdavis.edu\/chenizu\/wp-json\/wp\/v2\/users\/3"}],"replies":[{"embeddable":true,"href":"https:\/\/faculty.engineering.ucdavis.edu\/chenizu\/wp-json\/wp\/v2\/comments?post=17"}],"version-history":[{"count":9,"href":"https:\/\/faculty.engineering.ucdavis.edu\/chenizu\/wp-json\/wp\/v2\/pages\/17\/revisions"}],"predecessor-version":[{"id":255,"href":"https:\/\/faculty.engineering.ucdavis.edu\/chenizu\/wp-json\/wp\/v2\/pages\/17\/revisions\/255"}],"wp:attachment":[{"href":"https:\/\/faculty.engineering.ucdavis.edu\/chenizu\/wp-json\/wp\/v2\/media?parent=17"}],"curies":[{"name":"wp","href":"https:\/\/api.w.org\/{rel}","templated":true}]}}