{"id":36,"date":"2020-11-25T17:58:31","date_gmt":"2020-11-25T17:58:31","guid":{"rendered":"https:\/\/faculty.engineering.ucdavis.edu\/hunt-new\/?page_id=36"},"modified":"2021-07-22T18:48:12","modified_gmt":"2021-07-22T18:48:12","slug":"publications","status":"publish","type":"page","link":"https:\/\/faculty.engineering.ucdavis.edu\/hunt\/publications\/","title":{"rendered":"Publications"},"content":{"rendered":"\t\t<div data-elementor-type=\"wp-page\" data-elementor-id=\"36\" class=\"elementor elementor-36\">\n\t\t\t\t\t\t<section class=\"elementor-section elementor-top-section elementor-element elementor-element-56e4c78c elementor-section-boxed elementor-section-height-default elementor-section-height-default\" data-id=\"56e4c78c\" data-element_type=\"section\" data-e-type=\"section\" data-settings=\"{&quot;background_background&quot;:&quot;classic&quot;}\">\n\t\t\t\t\t\t<div class=\"elementor-container elementor-column-gap-default\">\n\t\t\t\t\t<div class=\"elementor-column elementor-col-100 elementor-top-column elementor-element elementor-element-c7f91e\" data-id=\"c7f91e\" data-element_type=\"column\" data-e-type=\"column\" data-settings=\"{&quot;background_background&quot;:&quot;classic&quot;}\">\n\t\t\t<div class=\"elementor-widget-wrap elementor-element-populated\">\n\t\t\t\t\t\t<div class=\"elementor-element elementor-element-7a7c64af elementor-widget elementor-widget-page-title\" data-id=\"7a7c64af\" data-element_type=\"widget\" data-e-type=\"widget\" data-widget_type=\"page-title.default\">\n\t\t\t\t<div class=\"elementor-widget-container\">\n\t\t\t\t\t\t\t\n\t\t<div class=\"hfe-page-title hfe-page-title-wrapper elementor-widget-heading\">\n\n\t\t\t\t\t\t\t\t<h2 class=\"elementor-heading-title elementor-size-default\">\n\t\t\t\t\t\t\t\t\n\t\t\t\tPublications  \n\t\t\t<\/h2 > \n\t\t\t\t\t<\/div>\n\t\t\t\t\t\t<\/div>\n\t\t\t\t<\/div>\n\t\t\t\t<div class=\"elementor-element elementor-element-35381b2f elementor-widget-divider--view-line elementor-widget elementor-widget-divider\" data-id=\"35381b2f\" data-element_type=\"widget\" data-e-type=\"widget\" data-widget_type=\"divider.default\">\n\t\t\t\t<div class=\"elementor-widget-container\">\n\t\t\t\t\t\t\t<div class=\"elementor-divider\">\n\t\t\t<span class=\"elementor-divider-separator\">\n\t\t\t\t\t\t<\/span>\n\t\t<\/div>\n\t\t\t\t\t\t<\/div>\n\t\t\t\t<\/div>\n\t\t\t\t<div class=\"elementor-element elementor-element-60db4c00 elementor-widget elementor-widget-text-editor\" data-id=\"60db4c00\" data-element_type=\"widget\" data-e-type=\"widget\" data-widget_type=\"text-editor.default\">\n\t\t\t\t<div class=\"elementor-widget-container\">\n\t\t\t\t\t\t\t\t\t<ul><li>Wim Hertog, Aleix Llenas, Jes\u00fas M. Quintero, Charles E. Hunt and Josep Carreras, ENERGY EFFICIENCY AND COLOR QUALITY LIMITS IN ARTIFICIAL LIGHT SOURCES EMULATING NATURAL ILLUMINATION,<em>\u00a0Optics Express<\/em>, 22 (S7) 2014<\/li><li>Jes\u00fas M. Quintero, Charles E. Hunt and Josep Carreras, DE-ENTANGLING COLORFULNESS AND FIDELITY FOR A COMPLETE STATISTICAL DESCRIPTION OF COLOR QUALITY,\u00a0<em>Optics Letters<\/em>, 37 (23) pp. 4997-4999 (2012)<\/li><li>Jes\u00fas M. Quintero, Antoni Sudri\u00e0 Charles E. Hunt and Josep Carreras, COLOR RENDERING MAP: A GRAPHICAL METRIC FOR ASSESSMENT OF ILLUMINATION,\u00a0<em>Optics Express<\/em>, 20 (5) pp. 4939-4956 (2012)<\/li><li>M. M. Cao, R. J. Chacon and C. E. Hunt. A FIELD EMISSION LIGHT SOURCE USING A RETICULATED VITREOUS CARBON (RVC) CATHODE AND CATHODOLUMINESCENT PHOSPHORS,\u00a0<em>IEEE Journal of Display Technology<\/em>, 7(9) pp. 467-472 (2011)<\/li><li>Y. Berenc\u00e9n, J. Carreras, O. Jambois, J. M. Ram\u00edrez, J. A. Rodr\u00edguez, C. Dom\u00ednguez, C. E. Hunt and B. Garrido. METAL-NITRIDE-OXIDE-SEMICONDUCTOR LIGHT-EMITTING DEVICES FOR GENERAL LIGHTING.\u00a0<em>Optics Express<\/em>, 19(S3) pp. A234-244 (2011)<\/li><li>B. C. Smith, C. E. Hunt, I. Brodie, and A. C. Carpenter. HIGH-PERFORMANCE FIELD-EMISSION ELECTRON GUN USING A RETICULATED VITREOUS CARBON (RVC) CATHODE.\u00a0<em>Journal of Vacuum Science and Technology-B (Microelectronics and Nanometer Structures Processing, Measurement and Phenomena)<\/em>, B29(2) pp. 108-112 (2011)<\/li><\/ul>\t\t\t\t\t\t\t\t<\/div>\n\t\t\t\t<\/div>\n\t\t\t\t\t<\/div>\n\t\t<\/div>\n\t\t\t\t\t<\/div>\n\t\t<\/section>\n\t\t\t\t<\/div>\n\t\t","protected":false},"excerpt":{"rendered":"<p>Publications Wim Hertog, Aleix Llenas, Jes\u00fas M. Quintero, Charles E. Hunt and Josep Carreras, ENERGY EFFICIENCY AND COLOR QUALITY LIMITS IN ARTIFICIAL LIGHT SOURCES EMULATING NATURAL ILLUMINATION,\u00a0Optics Express, 22 (S7) 2014 Jes\u00fas M. Quintero, Charles E. Hunt and Josep Carreras, DE-ENTANGLING COLORFULNESS AND FIDELITY FOR A COMPLETE STATISTICAL DESCRIPTION OF COLOR QUALITY,\u00a0Optics Letters, 37 (23) [&hellip;]<\/p>\n","protected":false},"author":1,"featured_media":0,"parent":0,"menu_order":0,"comment_status":"closed","ping_status":"closed","template":"","meta":{"inline_featured_image":false,"footnotes":""},"class_list":["post-36","page","type-page","status-publish","hentry"],"_links":{"self":[{"href":"https:\/\/faculty.engineering.ucdavis.edu\/hunt\/wp-json\/wp\/v2\/pages\/36","targetHints":{"allow":["GET"]}}],"collection":[{"href":"https:\/\/faculty.engineering.ucdavis.edu\/hunt\/wp-json\/wp\/v2\/pages"}],"about":[{"href":"https:\/\/faculty.engineering.ucdavis.edu\/hunt\/wp-json\/wp\/v2\/types\/page"}],"author":[{"embeddable":true,"href":"https:\/\/faculty.engineering.ucdavis.edu\/hunt\/wp-json\/wp\/v2\/users\/1"}],"replies":[{"embeddable":true,"href":"https:\/\/faculty.engineering.ucdavis.edu\/hunt\/wp-json\/wp\/v2\/comments?post=36"}],"version-history":[{"count":37,"href":"https:\/\/faculty.engineering.ucdavis.edu\/hunt\/wp-json\/wp\/v2\/pages\/36\/revisions"}],"predecessor-version":[{"id":1030,"href":"https:\/\/faculty.engineering.ucdavis.edu\/hunt\/wp-json\/wp\/v2\/pages\/36\/revisions\/1030"}],"wp:attachment":[{"href":"https:\/\/faculty.engineering.ucdavis.edu\/hunt\/wp-json\/wp\/v2\/media?parent=36"}],"curies":[{"name":"wp","href":"https:\/\/api.w.org\/{rel}","templated":true}]}}