{"id":17,"date":"2013-02-26T20:32:40","date_gmt":"2013-02-26T20:32:40","guid":{"rendered":"http:\/\/faculty.engineering.ucdavis.edu\/template\/?page_id=17"},"modified":"2019-02-05T16:42:04","modified_gmt":"2019-02-05T16:42:04","slug":"publications","status":"publish","type":"page","link":"https:\/\/faculty.engineering.ucdavis.edu\/nitin\/publications\/","title":{"rendered":"Publications"},"content":{"rendered":"<h3>Selected Publications<\/h3>\n<p>For the most up-to-date list of publications, visit\u00a0<a href=\"http:\/\/scholar.google.com\/citations?sortby=pubdate&amp;hl=en&amp;user=p-n_bTEAAAAJ&amp;view_op=list_works\">http:\/\/scholar.google.com\/citations?sortby=pubdate&amp;hl=en&amp;user=p-n_bTEAAAAJ&amp;view_op=list_works<\/a><\/p>\n<p>Z. Luo,\u00a0 R. Tikekar, K. M. Samadzadeh, N. Nitin, \u201cOptical molecular imaging approach for rapid assessment of response of individual cancer cells to chemotherapy\u201d, Journal of Biomedical Optics, Oct., 2012.<\/p>\n<p>M. Loja, Z. Luo, D. Farwell, Q. Luu; P. Donald; D. Amott, A. Truong,; R. Gandour-Edwards, N. Nitin, \u201cOptical molecular imaging detects changes in extracellular pH with the development of head and neck cancer\u201d, International Journal of Cancer, (Accepted -2012).<\/p>\n<p>CW Simmons, N. Nitin, JS VanderGheynst, \u201cRapid, in situ detection of Agrobacterium tumefaciens attachment to leaf tissue\u201d, Biotechnology progress, Sep;28(5):1321-8, 2012.<\/p>\n<p>RV Tikekar, N. Nitin, \u201cDistribution of encapulated materials in colloidal particles and its impact on oxidative stability of encapsulated materials\u201d, Langmuir, June, 2012.<\/p>\n<p>Z Luo, CW Simmons, JS VanderGheynst, N. Nitin, \u201cQuantitative real time measurements of bacteria\u2013bacteriophages interactions in fresh lettuce leaves\u201d, Journal of Food Engineering, March, 2012.<\/p>\n<p>A Altan, KL McCarthy, R Tikekar, MJ McCarthy, N. Nitin, \u201cImage analysis of microstructural changes in almond cotyledon as a result of processing\u201d, Journal of Food Science 76 (2), E212-E221., 2011.<\/p>\n<p>R. Tikekar and N. Nitin, \u201cEffect of physical state (solid vs. liquid) of lipid core on the rate of transport of oxygen and free radicals in solid lipid nanoparticles and emulsion.\u201d Soft Matter, 7(8), 2011.<\/p>\n<p>R. Tikekar, A. Johnson, N. Nitin, \u201cReal-time measurement of oxygen transport across an oil-water emulsion interface.\u201d Journal of Food Engineering, Volume 103, Issue 1, March 2011.<\/p>\n<p>R. Tikekar, A. Johnson and N. Nitin, \u201cFluorescence imaging and spectroscopy for real-\u00a0 time, in-situ characterization of interactions of free radicals with oil-in-water emulsions\u201d, Food Research Intl, Nov., 2010.<\/p>\n<p>D. Bricarello, M. Prada, N. Nitin, \u201cPhysical and chemical modifications of lipid structures to inhibit permeation of free radicals in a supported lipid membrane model, Soft Matter,\u00a0 2012,8, 11144-11151.<\/p>\n<p>N. Nitin, D. Javier and Rebecca Richards-Kortum, \u00ec Metal nanoparticles: spectrally tuned contrast agents for molecular specific optical reflectance imaging\u00ee. Journal of Biomedical Optics, December 2007.<\/p>\n<p>N. Nitin, P. Santangelo and G. Bao, \u00ecTargeted Delivery and detection of nuclear RNA in living cells using peptide linked molecular beacons\u00ee Bioconjugate Chemistry, December 2008.<\/p>\n<p>N. Nitin, A. Carlson, T. Muldoon, A. El-Naggar, A. Gillenwater, R. Richards-Kortum, \u00ecMolecular imaging of glucose uptake in oral neoplasia following topical application of fluorescently labeled deoxy-glucose\u00ee, International Journal of Cancer Research, June 2009.<\/p>\n<p>N. Nitin, A. El-Naggar, A. Gillenwater, R. Richards-Kortum, \u00ec\u00ecWidefield and high-resolution optical molecular imaging of EGFR expression to improve detection of oral neoplasia\u00ee, Neoplasia, June 2009.<\/p>\n<p>N. Nitin, W. Rhee and G. Bao, \u00ecTranslation inhibition reveals interaction of 2&#8242;-deoxy and 2&#8242;-O-methyl molecular beacons with mRNA targets in living Cells\u00ee, Nucleic Acids Research, July 2009.<\/p>\n","protected":false},"excerpt":{"rendered":"<p>Selected Publications For the most up-to-date list of publications, visit\u00a0http:\/\/scholar.google.com\/citations?sortby=pubdate&amp;hl=en&amp;user=p-n_bTEAAAAJ&amp;view_op=list_works Z. Luo,\u00a0 R. Tikekar, K. M. Samadzadeh, N. Nitin, \u201cOptical molecular imaging approach for rapid assessment of response of individual cancer cells to chemotherapy\u201d, Journal of Biomedical Optics, Oct., 2012. M. Loja, Z. Luo, D. Farwell, Q. Luu; P. Donald; \u2026 <a class=\"continue-reading-link\" href=\"https:\/\/faculty.engineering.ucdavis.edu\/nitin\/publications\/\"> Continue reading <span class=\"meta-nav\">&rarr; <\/span><\/a><\/p>\n","protected":false},"author":3,"featured_media":0,"parent":0,"menu_order":0,"comment_status":"closed","ping_status":"open","template":"template-twocolumns-left.php","meta":{"inline_featured_image":false,"ngg_post_thumbnail":0,"footnotes":""},"class_list":["post-17","page","type-page","status-publish","hentry"],"_links":{"self":[{"href":"https:\/\/faculty.engineering.ucdavis.edu\/nitin\/wp-json\/wp\/v2\/pages\/17","targetHints":{"allow":["GET"]}}],"collection":[{"href":"https:\/\/faculty.engineering.ucdavis.edu\/nitin\/wp-json\/wp\/v2\/pages"}],"about":[{"href":"https:\/\/faculty.engineering.ucdavis.edu\/nitin\/wp-json\/wp\/v2\/types\/page"}],"author":[{"embeddable":true,"href":"https:\/\/faculty.engineering.ucdavis.edu\/nitin\/wp-json\/wp\/v2\/users\/3"}],"replies":[{"embeddable":true,"href":"https:\/\/faculty.engineering.ucdavis.edu\/nitin\/wp-json\/wp\/v2\/comments?post=17"}],"version-history":[{"count":9,"href":"https:\/\/faculty.engineering.ucdavis.edu\/nitin\/wp-json\/wp\/v2\/pages\/17\/revisions"}],"predecessor-version":[{"id":252,"href":"https:\/\/faculty.engineering.ucdavis.edu\/nitin\/wp-json\/wp\/v2\/pages\/17\/revisions\/252"}],"wp:attachment":[{"href":"https:\/\/faculty.engineering.ucdavis.edu\/nitin\/wp-json\/wp\/v2\/media?parent=17"}],"curies":[{"name":"wp","href":"https:\/\/api.w.org\/{rel}","templated":true}]}}